{"id":1197,"date":"2023-06-23T15:12:45","date_gmt":"2023-06-23T15:12:45","guid":{"rendered":"https:\/\/www.domaine-heritage.com\/?page_id=1197"},"modified":"2026-01-06T05:40:13","modified_gmt":"2026-01-06T09:40:13","slug":"find-a-store","status":"publish","type":"page","link":"https:\/\/www.domaine-heritage.com\/en\/find-a-store\/","title":{"rendered":"Trouver un Magasin"},"content":{"rendered":"\t\t<div data-elementor-type=\"wp-page\" data-elementor-id=\"1197\" class=\"elementor elementor-1197\" data-elementor-post-type=\"page\">\n\t\t\t\t<div class=\"elementor-element elementor-element-2dc2c47 e-flex e-con-boxed e-con e-parent\" data-id=\"2dc2c47\" data-element_type=\"container\" data-e-type=\"container\">\n\t\t\t\t\t<div class=\"e-con-inner\">\n\t\t\t\t<div class=\"elementor-element elementor-element-2c3acd5 elementor-widget elementor-widget-heading\" data-id=\"2c3acd5\" data-element_type=\"widget\" data-e-type=\"widget\" data-widget_type=\"heading.default\">\n\t\t\t\t<div class=\"elementor-widget-container\">\n\t\t\t\t\t<style>.elementor-element-2c3acd5{display:none !important}<\/style>\t\t\t\t<\/div>\n\t\t\t\t<\/div>\n\t\t\t\t<div class=\"elementor-element elementor-element-c4e778a elementor-widget elementor-widget-heading\" data-id=\"c4e778a\" data-element_type=\"widget\" data-e-type=\"widget\" data-widget_type=\"heading.default\">\n\t\t\t\t<div class=\"elementor-widget-container\">\n\t\t\t\t\t<h1 class=\"elementor-heading-title elementor-size-default\">Our products are available near you!<\/h1>\t\t\t\t<\/div>\n\t\t\t\t<\/div>\n\t\t\t\t<div class=\"elementor-element elementor-element-9e82887 elementor-widget elementor-widget-text-editor\" data-id=\"9e82887\" data-element_type=\"widget\" data-e-type=\"widget\" data-widget_type=\"text-editor.default\">\n\t\t\t\t<div class=\"elementor-widget-container\">\n\t\t\t\t\t<style>.elementor-element-9e82887{display:none !important}<\/style>\t\t\t\t<\/div>\n\t\t\t\t<\/div>\n\t\t\t\t<div class=\"elementor-element elementor-element-e4ed71e elementor-widget elementor-widget-text-editor\" data-id=\"e4ed71e\" data-element_type=\"widget\" data-e-type=\"widget\" data-widget_type=\"text-editor.default\">\n\t\t\t\t<div class=\"elementor-widget-container\">\n\t\t\t\t\t\t\t\t\t<p><img decoding=\"async\" class=\"wp-image-2461 alignleft\" src=\"https:\/\/www.domaine-heritage.com\/wp-content\/uploads\/2025\/12\/saq-1-logo-png-transparent-300x300.png\" alt=\"\" width=\"75\" height=\"75\" srcset=\"https:\/\/www.domaine-heritage.com\/wp-content\/uploads\/2025\/12\/saq-1-logo-png-transparent-300x300.png 300w, https:\/\/www.domaine-heritage.com\/wp-content\/uploads\/2025\/12\/saq-1-logo-png-transparent-1024x1024.png 1024w, https:\/\/www.domaine-heritage.com\/wp-content\/uploads\/2025\/12\/saq-1-logo-png-transparent-150x150.png 150w, https:\/\/www.domaine-heritage.com\/wp-content\/uploads\/2025\/12\/saq-1-logo-png-transparent-768x768.png 768w, https:\/\/www.domaine-heritage.com\/wp-content\/uploads\/2025\/12\/saq-1-logo-png-transparent-1536x1536.png 1536w, https:\/\/www.domaine-heritage.com\/wp-content\/uploads\/2025\/12\/saq-1-logo-png-transparent-2048x2048.png 2048w, https:\/\/www.domaine-heritage.com\/wp-content\/uploads\/2025\/12\/saq-1-logo-png-transparent-12x12.png 12w\" sizes=\"(max-width: 75px) 100vw, 75px\" \/>Domaine H\u00e9ritage ciders are available at your local SAQ &#8211; if you don&#8217;t see them, simply ask and they will order for you.<\/p><p>Also available at many local stores throughout Montreal and Eastern Townships. For some great deals and tastings please visit our boutique at 150 rue Richford in Frelighsburg.\u00a0<\/p><p>\u00a0<\/p>\t\t\t\t\t\t\t\t<\/div>\n\t\t\t\t<\/div>\n\t\t\t\t<div class=\"elementor-element elementor-element-cb85412 elementor-widget elementor-widget-shortcode\" data-id=\"cb85412\" data-element_type=\"widget\" data-e-type=\"widget\" data-widget_type=\"shortcode.default\">\n\t\t\t\t<div class=\"elementor-widget-container\">\n\t\t\t\t\t\t\t<div class=\"elementor-shortcode\">\r\n            \r\n            \r\n            \r\n            <a name='map1'><\/a>\r\n            \r\n            \r\n            \r\n            \r\n            <div class=\"wpgmza-filter-widgets\" data-map-id=\"1\"><input \r\n\t\t\tdata-wpgmza-filter-widget-class=\"WPGMZA\\CustomFieldFilterWidget\\Text\" data-map-id=\"1\" data-field-id=\"1\" =\"\"\r\n\t\t\tplaceholder='Phone'\r\n\t\t\t\/><button type=\"button\" class=\"wpgmza-reset-custom-fields\">Reset<\/button><\/div><div class=\"wpgmza_map \"  id=\"wpgmza_map_1\" style=\"display:block; overflow:auto; width:100%; height:500px; float:left;\" data-settings=\"{&quot;id&quot;:&quot;1&quot;,&quot;map_title&quot;:&quot;Store Locator&quot;,&quot;map_width&quot;:&quot;100&quot;,&quot;map_height&quot;:&quot;500&quot;,&quot;map_start_lat&quot;:&quot;45.34270260000002&quot;,&quot;map_start_lng&quot;:&quot;-72.51669460000001&quot;,&quot;map_start_location&quot;:&quot;45.950464398418106,-109.81550500000003&quot;,&quot;map_start_zoom&quot;:&quot;13&quot;,&quot;default_marker&quot;:&quot;\\\/\\\/www.domaine-heritage.com\\\/wp-content\\\/uploads\\\/2023\\\/06\\\/domaine-heritage-store-icon-bottle-2.png&quot;,&quot;type&quot;:&quot;1&quot;,&quot;alignment&quot;:&quot;4&quot;,&quot;directions_enabled&quot;:&quot;0&quot;,&quot;styling_enabled&quot;:&quot;0&quot;,&quot;styling_json&quot;:&quot;&quot;,&quot;active&quot;:&quot;0&quot;,&quot;kml&quot;:&quot;&quot;,&quot;bicycle&quot;:&quot;0&quot;,&quot;traffic&quot;:&quot;0&quot;,&quot;dbox&quot;:&quot;1&quot;,&quot;dbox_width&quot;:&quot;&quot;,&quot;listmarkers&quot;:&quot;0&quot;,&quot;listmarkers_advanced&quot;:&quot;0&quot;,&quot;filterbycat&quot;:&quot;0&quot;,&quot;ugm_enabled&quot;:&quot;2&quot;,&quot;ugm_category_enabled&quot;:&quot;2&quot;,&quot;fusion&quot;:&quot;&quot;,&quot;map_width_type&quot;:&quot;%&quot;,&quot;map_height_type&quot;:&quot;px&quot;,&quot;mass_marker_support&quot;:&quot;1&quot;,&quot;ugm_access&quot;:&quot;2&quot;,&quot;order_markers_by&quot;:&quot;7&quot;,&quot;order_markers_choice&quot;:&quot;1&quot;,&quot;show_user_location&quot;:&quot;1&quot;,&quot;default_to&quot;:&quot;&quot;,&quot;other_settings&quot;:{&quot;map_type&quot;:1,&quot;sl_stroke_color&quot;:&quot;#000000&quot;,&quot;sl_fill_color&quot;:&quot;#000000&quot;,&quot;sl_stroke_opacity&quot;:&quot;&quot;,&quot;sl_fill_opacity&quot;:&quot;&quot;,&quot;transport_layer&quot;:false,&quot;action&quot;:&quot;wpgmza_save_map&quot;,&quot;redirect_to&quot;:&quot;\\\/wp-admin\\\/admin-post.php&quot;,&quot;map_id&quot;:&quot;1&quot;,&quot;http_referer&quot;:&quot;\\\/wp-admin\\\/admin.php?page=wp-google-maps-menu&amp;amp;action=edit&amp;amp;map_id=1&quot;,&quot;wpgmza_id&quot;:&quot;1&quot;,&quot;wpgmza_start_location&quot;:&quot;45.34270260000002,-72.51669460000001&quot;,&quot;wpgmza_start_zoom&quot;:&quot;13&quot;,&quot;wpgmza_theme_data&quot;:&quot;[{\\&quot;featureType\\&quot;:\\&quot;administrative\\&quot;,\\&quot;elementType\\&quot;:\\&quot;all\\&quot;,\\&quot;stylers\\&quot;:[{\\&quot;visibility\\&quot;:\\&quot;on\\&quot;},{\\&quot;lightness\\&quot;:33}]},{\\&quot;featureType\\&quot;:\\&quot;landscape\\&quot;,\\&quot;elementType\\&quot;:\\&quot;all\\&quot;,\\&quot;stylers\\&quot;:[{\\&quot;color\\&quot;:\\&quot;#f2e5d4\\&quot;}]},{\\&quot;featureType\\&quot;:\\&quot;poi.park\\&quot;,\\&quot;elementType\\&quot;:\\&quot;geometry\\&quot;,\\&quot;stylers\\&quot;:[{\\&quot;color\\&quot;:\\&quot;#c5dac6\\&quot;}]},{\\&quot;featureType\\&quot;:\\&quot;poi.park\\&quot;,\\&quot;elementType\\&quot;:\\&quot;labels\\&quot;,\\&quot;stylers\\&quot;:[{\\&quot;visibility\\&quot;:\\&quot;on\\&quot;},{\\&quot;lightness\\&quot;:20}]},{\\&quot;featureType\\&quot;:\\&quot;road\\&quot;,\\&quot;elementType\\&quot;:\\&quot;all\\&quot;,\\&quot;stylers\\&quot;:[{\\&quot;lightness\\&quot;:20}]},{\\&quot;featureType\\&quot;:\\&quot;road.highway\\&quot;,\\&quot;elementType\\&quot;:\\&quot;geometry\\&quot;,\\&quot;stylers\\&quot;:[{\\&quot;color\\&quot;:\\&quot;#c5c6c6\\&quot;}]},{\\&quot;featureType\\&quot;:\\&quot;road.arterial\\&quot;,\\&quot;elementType\\&quot;:\\&quot;geometry\\&quot;,\\&quot;stylers\\&quot;:[{\\&quot;color\\&quot;:\\&quot;#e4d7c6\\&quot;}]},{\\&quot;featureType\\&quot;:\\&quot;road.local\\&quot;,\\&quot;elementType\\&quot;:\\&quot;geometry\\&quot;,\\&quot;stylers\\&quot;:[{\\&quot;color\\&quot;:\\&quot;#fbfaf7\\&quot;}]},{\\&quot;featureType\\&quot;:\\&quot;water\\&quot;,\\&quot;elementType\\&quot;:\\&quot;all\\&quot;,\\&quot;stylers\\&quot;:[{\\&quot;visibility\\&quot;:\\&quot;on\\&quot;},{\\&quot;color\\&quot;:\\&quot;#acbcc9\\&quot;}]}]&quot;,&quot;store_locator_enabled&quot;:true,&quot;store_locator_search_area&quot;:&quot;radial&quot;,&quot;wpgmza_store_locator_radius_style&quot;:&quot;legacy&quot;,&quot;wpgmza_store_locator_default_radius&quot;:&quot;50&quot;,&quot;store_locator_auto_area_max_zoom&quot;:&quot;&quot;,&quot;store_locator_distance&quot;:false,&quot;wpgmza_store_locator_position&quot;:true,&quot;store_locator_show_distance&quot;:true,&quot;store_locator_category&quot;:false,&quot;wpgmza_store_locator_use_their_location&quot;:true,&quot;wpgmza_store_locator_bounce&quot;:false,&quot;wpgmza_sl_animation&quot;:&quot;1&quot;,&quot;wpgmza_store_locator_hide_before_search&quot;:false,&quot;store_locator_query_string&quot;:&quot;&quot;,&quot;store_locator_location_placeholder&quot;:&quot;&quot;,&quot;store_locator_default_address&quot;:&quot;&quot;,&quot;store_locator_name_search&quot;:false,&quot;store_locator_name_string&quot;:&quot;&quot;,&quot;store_locator_not_found_message&quot;:&quot;Sorry, we couldn't find any stores near you&quot;,&quot;wpgmza_map_align&quot;:&quot;1&quot;,&quot;jump_to_nearest_marker_on_initialization&quot;:false,&quot;automatically_pan_to_users_location&quot;:false,&quot;override_users_location_zoom_level&quot;:false,&quot;override_users_location_zoom_levels&quot;:&quot;&quot;,&quot;show_distance_from_location&quot;:false,&quot;map_max_zoom&quot;:&quot;21&quot;,&quot;map_min_zoom&quot;:&quot;0&quot;,&quot;click_open_link&quot;:false,&quot;fit_maps_bounds_to_markers&quot;:false,&quot;fit_maps_bounds_to_markers_after_filtering&quot;:false,&quot;hide_point_of_interest&quot;:false,&quot;wpgmza_zoom_on_marker_click&quot;:true,&quot;wpgmza_zoom_on_marker_click_slider&quot;:&quot;17&quot;,&quot;close_infowindow_on_map_click&quot;:false,&quot;disable_lightbox_images&quot;:false,&quot;use_Raw_Jpeg_Coordinates&quot;:false,&quot;polygon_labels&quot;:false,&quot;disable_polygon_info_windows&quot;:false,&quot;enable_marker_ratings&quot;:false,&quot;only_load_markers_within_viewport&quot;:false,&quot;iw_primary_color&quot;:&quot;#000000&quot;,&quot;iw_accent_color&quot;:&quot;#000000&quot;,&quot;iw_text_color&quot;:&quot;#000000&quot;,&quot;wpgmza_listmarkers_by&quot;:&quot;4&quot;,&quot;wpgmza_marker_listing_position&quot;:false,&quot;wpgmza_push_in_map&quot;:false,&quot;wpgmza_push_in_map_placement&quot;:&quot;1&quot;,&quot;wpgmza_push_in_map_width&quot;:&quot;&quot;,&quot;wpgmza_push_in_map_height&quot;:&quot;&quot;,&quot;zoom_level_on_marker_listing_override&quot;:false,&quot;zoom_level_on_marker_listing_click&quot;:&quot;&quot;,&quot;marker_listing_disable_zoom&quot;:false,&quot;datatable_no_result_message&quot;:&quot;&quot;,&quot;remove_search_box_datables&quot;:false,&quot;dataTable_pagination_style&quot;:&quot;default&quot;,&quot;datatable_search_string&quot;:&quot;&quot;,&quot;datatable_result_start&quot;:&quot;&quot;,&quot;datatable_result_of&quot;:&quot;&quot;,&quot;datatable_result_to&quot;:&quot;&quot;,&quot;datatable_result_total&quot;:&quot;&quot;,&quot;datatable_result_show&quot;:&quot;&quot;,&quot;datatable_result_entries&quot;:&quot;&quot;,&quot;wpgmza_savemap&quot;:&quot;Save Map \\u00bb&quot;,&quot;wpgmza_theme&quot;:&quot;4&quot;,&quot;shortcodeAttributes&quot;:{&quot;id&quot;:&quot;1&quot;},&quot;wpgmza_dbox_width_type&quot;:&quot;%&quot;,&quot;default_from&quot;:&quot;&quot;,&quot;directions_behaviour&quot;:&quot;default&quot;,&quot;force_google_directions_app&quot;:false,&quot;directions_route_origin_icon&quot;:&quot;https:\\\/\\\/www.domaine-heritage.com\\\/wp-content\\\/uploads\\\/wp-google-maps\\\/icons\\\/6499ade61080d6.83988772.png&quot;,&quot;directions_origin_retina&quot;:false,&quot;directions_route_destination_icon&quot;:&quot;\\\/\\\/www.domaine-heritage.com\\\/wp-content\\\/uploads\\\/2023\\\/06\\\/domaine-heritage-store-icon-bottle-2.png&quot;,&quot;directions_destination_retina&quot;:false,&quot;directions_route_stroke_color&quot;:&quot;#4d8df5&quot;,&quot;directions_route_stroke_weight&quot;:&quot;4&quot;,&quot;directions_route_stroke_opacity&quot;:&quot;0.8&quot;,&quot;directions_fit_bounds_to_route&quot;:false,&quot;wpgmza_store_locator_restrict&quot;:&quot;ca&quot;,&quot;upload_default_sl_marker&quot;:&quot;&quot;,&quot;upload_default_sl_marker_retina&quot;:false,&quot;retina&quot;:false,&quot;upload_default_ul_marker&quot;:&quot;https:\\\/\\\/www.domaine-heritage.com\\\/wp-content\\\/uploads\\\/wp-google-maps\\\/icons\\\/6499ae75a871c0.12650743.png&quot;,&quot;upload_default_ul_marker_retina&quot;:false,&quot;enable_advanced_custom_fields_integration&quot;:false,&quot;enable_toolset_woocommerce_integration&quot;:false,&quot;enable_woo_product_integration&quot;:false,&quot;wpgmza_iw_type&quot;:&quot;0&quot;,&quot;marker_listing_component_anchor&quot;:&quot;10&quot;,&quot;store_locator_component_anchor&quot;:&quot;0&quot;,&quot;store_locator_nearby_searches&quot;:false,&quot;directions_box_component_anchor&quot;:&quot;1&quot;,&quot;custom_tile_enabled&quot;:false,&quot;custom_tile_image&quot;:&quot;&quot;,&quot;custom_tile_image_width&quot;:&quot;&quot;,&quot;custom_tile_image_height&quot;:&quot;&quot;,&quot;custom_tile_image_attribution&quot;:&quot;&quot;,&quot;marker_share_links&quot;:false,&quot;marker_listing_component_auto_open&quot;:false,&quot;category_filter_component_anchor&quot;:&quot;0&quot;,&quot;category_legends_enabled&quot;:false,&quot;category_legends_component_anchor&quot;:&quot;8&quot;,&quot;map_starts_in_streetview&quot;:false,&quot;map_starts_in_streetview_location&quot;:&quot;&quot;,&quot;map_starts_in_streetview_heading&quot;:&quot;&quot;,&quot;map_starts_in_streetview_pitch&quot;:&quot;&quot;,&quot;enable_filter_custom_field_1&quot;:true,&quot;enable_marker_labels&quot;:false,&quot;zoom_level_mobile_override_enabled&quot;:false,&quot;zoom_level_mobile_override&quot;:&quot;&quot;,&quot;wpgmza_ugm_upload_images&quot;:2,&quot;wpgmza_ugm_link_enabled&quot;:&quot;2&quot;,&quot;wpgmza_ugm_desc_enabled&quot;:&quot;1&quot;,&quot;wpgmza_ugm_form_header&quot;:&quot;&quot;,&quot;wpgmza_ugm_form_title&quot;:&quot;&quot;,&quot;wpgmza_ugm_form_title_ph&quot;:&quot;&quot;,&quot;wpgmza_ugm_form_address&quot;:&quot;&quot;,&quot;wpgmza_ugm_form_address_ph&quot;:&quot;&quot;,&quot;wpgmza_ugm_form_address_help&quot;:&quot;&quot;,&quot;wpgmza_ugm_form_desc&quot;:&quot;&quot;,&quot;wpgmza_ugm_form_link&quot;:&quot;&quot;,&quot;wpgmza_ugm_form_link_ph&quot;:&quot;&quot;,&quot;wpgmza_ugm_form_image&quot;:&quot;&quot;,&quot;wpgmza_ugm_form_category&quot;:&quot;&quot;,&quot;zoom_after_ugm_submission&quot;:&quot;0&quot;}}\" data-map-id='1' data-shortcode-attributes=\"{&quot;id&quot;:&quot;1&quot;}\"> <\/div>\r\n            <div class=\"wpgmza-store-locator wpgmza_sl_main_div\" data-id=\"1\">\n\t<div class=\"wpgmza-address-container wpgmza-form-field wpgmza_sl_query_div\">\n\t\t<label class=\"wpgmza-address wpgmza-form-field__label wpgmza-form-field__label--float\" data-name=\"addressLabel\" for=\"addressInput_1\">ZIP \/ Address:<\/label>\n\t\t<input class=\"wpgmza-address addressInput\" type=\"text\" placeholder=\"Enter a location\" autocomplete=\"off\" data-name=\"defaultAddress\" value=\"\" id=\"addressInput_1\" size=\"20\" aria-label=\"ZIP \/ Address:\">\n\t<\/div>\n\t\n\t<div class=\"wpgmza-radius-container wpgmza-form-field wpgmza_sl_radius_div wpgmza-clearfix\">\n\t\t<label class=\"wpgmza-radius wpgmza-form-field__label wpgmza-form-field__label--float\" for=\"radiusSelect_1\">\n\t\t\tRadius:\t\t<\/label>\n\t\t<select class=\"wpgmza-radius wpgmza-form-field__input wpgmza_sl_radius_select\" id=\"radiusSelect_1\" aria-label=\"Radius:\"><option class=\"wpgmza-radius wpgmza_sl_select_option\" value=\"5\">5km<\/option><option class=\"wpgmza-radius wpgmza_sl_select_option\" value=\"10\" selected>10km<\/option><option class=\"wpgmza-radius wpgmza_sl_select_option\" value=\"50\">50km<\/option><option class=\"wpgmza-radius wpgmza_sl_select_option\" value=\"100\">100km<\/option><option class=\"wpgmza-radius wpgmza_sl_select_option\" value=\"500\">500km<\/option><option class=\"wpgmza-radius wpgmza_sl_select_option\" value=\"1000\">1000km<\/option><\/select>\n\t<\/div>\n\t\n\t<div class=\"wpgmza-search wpgmza_sl_search_button_div\"><input class=\"wpgmza-search wpgmza_sl_search_button_1\" value=\"Search\" type=\"button\" onclick=\"searchLocations(1)\" mid=\"1\"><\/div>\n\t\n\t<div class=\"wpgmza-reset wpgmza_sl_reset_button_div\">\n\t<input class=\"wpgmza-reset wpgmza_sl_reset_button_1\" type=\"button\" value=\"Reset\" mid=\"1\" onclick=\"resetLocations(1)\">\n<\/div><div class=\"wpgmza-no-results wpgmza-not-found-msg js-not-found-msg\" style=\"display: none;\">\n\t\t<p data-name=\"notFoundMessage\">Sorry, we couldn't find any stores near you<\/p>\n\t<\/div>\n<\/div>\r\n            <div data-wpgmza-table data-wpgmza-php-class=\"WPGMZA\\MarkerListing\\BasicList\" data-wpgmza-rest-api-route=\"\/marker-listing\/\" data-wpgmza-marker-listing=\"true\" class=\"wpgmza_marker_list_class\" style=\"width:100%;\" data-wpgmza-ajax-parameters=\"{&quot;map_id&quot;:&quot;1&quot;}\" id=\"wpgmza_marker_list_1\"><\/div>   \r\n        <\/div>\n\t\t\t\t\t\t<\/div>\n\t\t\t\t<\/div>\n\t\t\t\t\t<\/div>\n\t\t\t\t<\/div>\n\t\t\t\t<\/div>\n\t\t","protected":false},"excerpt":{"rendered":"<p>Trouvez votre magasin le plus proche. Our products are available near you! Les cidres Domaine H\u00e9ritage sont disponibles \u00e0 votre SAQ locale. Si vous ne les trouvez pas, n&#8217;h\u00e9sitez pas \u00e0 demander, on se fera un plaisir de les commander pour vous. Vous les trouverez \u00e9galement dans de nombreux commerces de Montr\u00e9al et des Cantons-de-l&#8217;Est. [&hellip;]<\/p>\n","protected":false},"author":1,"featured_media":0,"parent":0,"menu_order":0,"comment_status":"closed","ping_status":"closed","template":"elementor_header_footer","meta":{"footnotes":""},"class_list":["post-1197","page","type-page","status-publish","hentry"],"jetpack_sharing_enabled":true,"_links":{"self":[{"href":"https:\/\/www.domaine-heritage.com\/en\/wp-json\/wp\/v2\/pages\/1197","targetHints":{"allow":["GET"]}}],"collection":[{"href":"https:\/\/www.domaine-heritage.com\/en\/wp-json\/wp\/v2\/pages"}],"about":[{"href":"https:\/\/www.domaine-heritage.com\/en\/wp-json\/wp\/v2\/types\/page"}],"author":[{"embeddable":true,"href":"https:\/\/www.domaine-heritage.com\/en\/wp-json\/wp\/v2\/users\/1"}],"replies":[{"embeddable":true,"href":"https:\/\/www.domaine-heritage.com\/en\/wp-json\/wp\/v2\/comments?post=1197"}],"version-history":[{"count":15,"href":"https:\/\/www.domaine-heritage.com\/en\/wp-json\/wp\/v2\/pages\/1197\/revisions"}],"predecessor-version":[{"id":2556,"href":"https:\/\/www.domaine-heritage.com\/en\/wp-json\/wp\/v2\/pages\/1197\/revisions\/2556"}],"wp:attachment":[{"href":"https:\/\/www.domaine-heritage.com\/en\/wp-json\/wp\/v2\/media?parent=1197"}],"curies":[{"name":"wp","href":"https:\/\/api.w.org\/{rel}","templated":true}]}}