{"id":2677,"date":"2026-03-25T11:43:08","date_gmt":"2026-03-25T15:43:08","guid":{"rendered":"https:\/\/www.domaine-heritage.com\/?page_id=2677"},"modified":"2026-04-17T15:30:11","modified_gmt":"2026-04-17T19:30:11","slug":"corp","status":"publish","type":"page","link":"https:\/\/www.domaine-heritage.com\/en\/corp\/","title":{"rendered":""},"content":{"rendered":"<div data-elementor-type=\"wp-page\" data-elementor-id=\"2677\" class=\"elementor elementor-2677\" data-elementor-post-type=\"page\">\n\t\t\t\t<div class=\"elementor-element elementor-element-dddcecc e-flex e-con-boxed e-con e-parent\" data-id=\"dddcecc\" data-element_type=\"container\" data-e-type=\"container\">\n\t\t\t\t\t<div class=\"e-con-inner\">\n\t\t\t\t<div class=\"elementor-element elementor-element-5f92c9bb elementor-widget elementor-widget-text-editor\" data-id=\"5f92c9bb\" data-element_type=\"widget\" data-e-type=\"widget\" data-widget_type=\"text-editor.default\">\n\t\t\t\t<div class=\"elementor-widget-container\">\n\t\t\t\t\t\t\t\t\t<p><\/p>\n<p><\/p>\n<p><\/p>\n<div class=\"wp-block-spacer\" style=\"height: 100px;\" aria-hidden=\"true\">&nbsp;<\/div>\n<p><\/p>\n<p><\/p>\n<p><\/p>\n<h2 class=\"wp-block-heading has-text-align-center\">Cadeaux d&#8217;Entreprise<\/h2>\n<p><\/p>\n<p class=\"has-text-align-center\"><em>Contactez-nous \u00e0 <strong>tom@domaine-heritage.com<\/strong> pour obtenir des devis sur des cadeaux d&#8217;entreprise personnalis\u00e9s, allant des bouteilles individuelles et des coffrets cadeaux aux tirages d&#8217;\u00e9tiquettes personnalis\u00e9s.<\/em><\/p>\n<p><\/p>\n<figure class=\"wp-block-image size-large\"><img fetchpriority=\"high\" decoding=\"async\" width=\"1024\" height=\"683\" class=\"wp-image-2531\" src=\"https:\/\/www.domaine-heritage.com\/wp-content\/uploads\/2025\/12\/Bottles-Trio-Bar-Tall-1024x683.jpg\" alt=\"\" srcset=\"https:\/\/www.domaine-heritage.com\/wp-content\/uploads\/2025\/12\/Bottles-Trio-Bar-Tall-1024x683.jpg 1024w, https:\/\/www.domaine-heritage.com\/wp-content\/uploads\/2025\/12\/Bottles-Trio-Bar-Tall-300x200.jpg 300w, https:\/\/www.domaine-heritage.com\/wp-content\/uploads\/2025\/12\/Bottles-Trio-Bar-Tall-768x512.jpg 768w, https:\/\/www.domaine-heritage.com\/wp-content\/uploads\/2025\/12\/Bottles-Trio-Bar-Tall-1536x1024.jpg 1536w, https:\/\/www.domaine-heritage.com\/wp-content\/uploads\/2025\/12\/Bottles-Trio-Bar-Tall-2048x1365.jpg 2048w, https:\/\/www.domaine-heritage.com\/wp-content\/uploads\/2025\/12\/Bottles-Trio-Bar-Tall-18x12.jpg 18w, https:\/\/www.domaine-heritage.com\/wp-content\/uploads\/2025\/12\/Bottles-Trio-Bar-Tall-600x400.jpg 600w\" sizes=\"(max-width: 1024px) 100vw, 1024px\" \/><\/figure>\n<p><\/p>\n<p class=\"has-text-align-center\">Offrez plus qu\u2019un cadeau, des coffrets de cidres premium, pens\u00e9s pour marquer les esprits et refl\u00e9ter vos valeurs.<\/p>\n<p><\/p>\n<p class=\"has-text-align-center\">Une exp\u00e9rience sans compromis; Personnalisation (message, carte, identit\u00e9); Rabais de volume; Livr\u00e9, pr\u00eat \u00e0 offrir. Une solution \u00e9l\u00e9gante, sans tracas.<\/p>\n<p><\/p>\n<p class=\"has-text-align-center\">Le cidre: Sec. Faible en alcool. Sans additifs. P\u00e9tillant, festif \u2014 profond\u00e9ment local.<\/p>\n<p><\/p>\n<figure class=\"wp-block-image aligncenter size-large is-resized\"><img decoding=\"async\" width=\"683\" height=\"1024\" class=\"wp-image-2689\" style=\"aspect-ratio: 0.6670080917750691; object-fit: contain; width: 360px; height: auto;\" src=\"https:\/\/www.domaine-heritage.com\/wp-content\/uploads\/2026\/03\/Trio-Mini-Apples-small-683x1024.jpeg\" alt=\"\" srcset=\"https:\/\/www.domaine-heritage.com\/wp-content\/uploads\/2026\/03\/Trio-Mini-Apples-small-683x1024.jpeg 683w, https:\/\/www.domaine-heritage.com\/wp-content\/uploads\/2026\/03\/Trio-Mini-Apples-small-200x300.jpeg 200w, https:\/\/www.domaine-heritage.com\/wp-content\/uploads\/2026\/03\/Trio-Mini-Apples-small-768x1152.jpeg 768w, https:\/\/www.domaine-heritage.com\/wp-content\/uploads\/2026\/03\/Trio-Mini-Apples-small-1024x1536.jpeg 1024w, https:\/\/www.domaine-heritage.com\/wp-content\/uploads\/2026\/03\/Trio-Mini-Apples-small-1365x2048.jpeg 1365w, https:\/\/www.domaine-heritage.com\/wp-content\/uploads\/2026\/03\/Trio-Mini-Apples-small-8x12.jpeg 8w, https:\/\/www.domaine-heritage.com\/wp-content\/uploads\/2026\/03\/Trio-Mini-Apples-small-600x900.jpeg 600w, https:\/\/www.domaine-heritage.com\/wp-content\/uploads\/2026\/03\/Trio-Mini-Apples-small-scaled.jpeg 1706w\" sizes=\"(max-width: 683px) 100vw, 683px\" \/><\/figure>\n<p><\/p>\n<p class=\"has-text-align-center\"><strong>Mini Trio<\/strong>:<strong> $65<\/strong><\/p>\n<p><\/p>\n<p class=\"has-text-align-center\"><em>Nous pouvons ajouter des cartes et des logos personnalis\u00e9s sur le coffret mini-trio.<\/em><\/p>\n<p><\/p>\n<p><\/p>\n<div class=\"wp-block-group is-layout-grid wp-container-core-group-is-layout-478b6e6b wp-block-group-is-layout-grid\"><p><\/p>\n<figure class=\"wp-block-image size-large is-resized\"><img decoding=\"async\" width=\"683\" height=\"1024\" class=\"wp-image-2647\" style=\"aspect-ratio: 0.6670005007511267; width: 347px; height: auto;\" src=\"https:\/\/www.domaine-heritage.com\/wp-content\/uploads\/2022\/11\/Bottle-Abbotts-Grass-683x1024.jpg\" alt=\"\" srcset=\"https:\/\/www.domaine-heritage.com\/wp-content\/uploads\/2022\/11\/Bottle-Abbotts-Grass-683x1024.jpg 683w, https:\/\/www.domaine-heritage.com\/wp-content\/uploads\/2022\/11\/Bottle-Abbotts-Grass-200x300.jpg 200w, https:\/\/www.domaine-heritage.com\/wp-content\/uploads\/2022\/11\/Bottle-Abbotts-Grass-768x1152.jpg 768w, https:\/\/www.domaine-heritage.com\/wp-content\/uploads\/2022\/11\/Bottle-Abbotts-Grass-1024x1536.jpg 1024w, https:\/\/www.domaine-heritage.com\/wp-content\/uploads\/2022\/11\/Bottle-Abbotts-Grass-1365x2048.jpg 1365w, https:\/\/www.domaine-heritage.com\/wp-content\/uploads\/2022\/11\/Bottle-Abbotts-Grass-8x12.jpg 8w, https:\/\/www.domaine-heritage.com\/wp-content\/uploads\/2022\/11\/Bottle-Abbotts-Grass-600x900.jpg 600w, https:\/\/www.domaine-heritage.com\/wp-content\/uploads\/2022\/11\/Bottle-Abbotts-Grass-scaled.jpg 1707w\" sizes=\"(max-width: 683px) 100vw, 683px\" \/><\/figure>\n<p><\/p>\n<figure class=\"wp-block-image size-large is-resized\"><img loading=\"lazy\" decoding=\"async\" width=\"683\" height=\"1024\" class=\"wp-image-2641\" style=\"width: 371px; height: auto;\" src=\"https:\/\/www.domaine-heritage.com\/wp-content\/uploads\/2022\/11\/Bottle-Terroir-Rock-683x1024.jpg\" alt=\"\" srcset=\"https:\/\/www.domaine-heritage.com\/wp-content\/uploads\/2022\/11\/Bottle-Terroir-Rock-683x1024.jpg 683w, https:\/\/www.domaine-heritage.com\/wp-content\/uploads\/2022\/11\/Bottle-Terroir-Rock-200x300.jpg 200w, https:\/\/www.domaine-heritage.com\/wp-content\/uploads\/2022\/11\/Bottle-Terroir-Rock-768x1152.jpg 768w, https:\/\/www.domaine-heritage.com\/wp-content\/uploads\/2022\/11\/Bottle-Terroir-Rock-1024x1536.jpg 1024w, https:\/\/www.domaine-heritage.com\/wp-content\/uploads\/2022\/11\/Bottle-Terroir-Rock-1365x2048.jpg 1365w, https:\/\/www.domaine-heritage.com\/wp-content\/uploads\/2022\/11\/Bottle-Terroir-Rock-8x12.jpg 8w, https:\/\/www.domaine-heritage.com\/wp-content\/uploads\/2022\/11\/Bottle-Terroir-Rock-600x900.jpg 600w, https:\/\/www.domaine-heritage.com\/wp-content\/uploads\/2022\/11\/Bottle-Terroir-Rock-scaled.jpg 1707w\" sizes=\"(max-width: 683px) 100vw, 683px\" \/><\/figure>\n<p><\/p>\n<figure class=\"wp-block-image size-large is-resized\"><img loading=\"lazy\" decoding=\"async\" width=\"683\" height=\"1024\" class=\"wp-image-2642\" style=\"width: 436px; height: auto;\" src=\"https:\/\/www.domaine-heritage.com\/wp-content\/uploads\/2022\/11\/Bottle-GM-Bin-683x1024.jpg\" alt=\"\" srcset=\"https:\/\/www.domaine-heritage.com\/wp-content\/uploads\/2022\/11\/Bottle-GM-Bin-683x1024.jpg 683w, https:\/\/www.domaine-heritage.com\/wp-content\/uploads\/2022\/11\/Bottle-GM-Bin-200x300.jpg 200w, https:\/\/www.domaine-heritage.com\/wp-content\/uploads\/2022\/11\/Bottle-GM-Bin-768x1152.jpg 768w, https:\/\/www.domaine-heritage.com\/wp-content\/uploads\/2022\/11\/Bottle-GM-Bin-1024x1536.jpg 1024w, https:\/\/www.domaine-heritage.com\/wp-content\/uploads\/2022\/11\/Bottle-GM-Bin-1365x2048.jpg 1365w, https:\/\/www.domaine-heritage.com\/wp-content\/uploads\/2022\/11\/Bottle-GM-Bin-8x12.jpg 8w, https:\/\/www.domaine-heritage.com\/wp-content\/uploads\/2022\/11\/Bottle-GM-Bin-600x900.jpg 600w, https:\/\/www.domaine-heritage.com\/wp-content\/uploads\/2022\/11\/Bottle-GM-Bin-scaled.jpg 1706w\" sizes=\"(max-width: 683px) 100vw, 683px\" \/><\/figure>\n<p><\/p><\/div>\n<p><\/p>\n<p class=\"has-text-align-center\"><strong>Des bouteilles individuel: $18-$25<\/strong><\/p>\n<p><\/p>\n<p class=\"has-text-align-center\"><em>Pour les commandes importantes, nous pouvons r\u00e9aliser un \u00e9tiquetage personnalis\u00e9.<\/em><\/p>\n<p><\/p>\n<div class=\"wp-block-group is-layout-grid wp-container-core-group-is-layout-478b6e6b wp-block-group-is-layout-grid\"><p><\/p>\n<figure class=\"wp-block-image size-large is-resized wp-container-content-e29552f7\"><img loading=\"lazy\" decoding=\"async\" width=\"1024\" height=\"683\" class=\"wp-image-2626\" style=\"width: 499px; height: auto;\" src=\"https:\/\/www.domaine-heritage.com\/wp-content\/uploads\/2022\/11\/Pouring-a-drink-1024x683.jpg\" alt=\"\" srcset=\"https:\/\/www.domaine-heritage.com\/wp-content\/uploads\/2022\/11\/Pouring-a-drink-1024x683.jpg 1024w, https:\/\/www.domaine-heritage.com\/wp-content\/uploads\/2022\/11\/Pouring-a-drink-300x200.jpg 300w, https:\/\/www.domaine-heritage.com\/wp-content\/uploads\/2022\/11\/Pouring-a-drink-768x512.jpg 768w, https:\/\/www.domaine-heritage.com\/wp-content\/uploads\/2022\/11\/Pouring-a-drink-1536x1024.jpg 1536w, https:\/\/www.domaine-heritage.com\/wp-content\/uploads\/2022\/11\/Pouring-a-drink-2048x1365.jpg 2048w, https:\/\/www.domaine-heritage.com\/wp-content\/uploads\/2022\/11\/Pouring-a-drink-18x12.jpg 18w, https:\/\/www.domaine-heritage.com\/wp-content\/uploads\/2022\/11\/Pouring-a-drink-600x400.jpg 600w\" sizes=\"(max-width: 1024px) 100vw, 1024px\" \/><\/figure>\n<p><\/p>\n<figure class=\"wp-block-image size-large\"><img loading=\"lazy\" decoding=\"async\" width=\"768\" height=\"1024\" class=\"wp-image-2178\" src=\"https:\/\/www.domaine-heritage.com\/wp-content\/uploads\/2022\/11\/IMG_0860-768x1024.jpeg\" alt=\"\" srcset=\"https:\/\/www.domaine-heritage.com\/wp-content\/uploads\/2022\/11\/IMG_0860-768x1024.jpeg 768w, https:\/\/www.domaine-heritage.com\/wp-content\/uploads\/2022\/11\/IMG_0860-225x300.jpeg 225w, https:\/\/www.domaine-heritage.com\/wp-content\/uploads\/2022\/11\/IMG_0860-1152x1536.jpeg 1152w, https:\/\/www.domaine-heritage.com\/wp-content\/uploads\/2022\/11\/IMG_0860-1536x2048.jpeg 1536w, https:\/\/www.domaine-heritage.com\/wp-content\/uploads\/2022\/11\/IMG_0860-9x12.jpeg 9w, https:\/\/www.domaine-heritage.com\/wp-content\/uploads\/2022\/11\/IMG_0860-scaled.jpeg 1920w\" sizes=\"(max-width: 768px) 100vw, 768px\" \/><\/figure>\n<p><\/p><\/div>\n<p><\/p>\n<p class=\"has-text-align-center\"><strong>Des caisses et des d\u00e9gustations personnalis\u00e9es.<\/strong><\/p>\n<p><\/p>\n<p class=\"has-text-align-center\">tom@domaine-heritage.com<\/p><p class=\"has-text-align-center\"><br><\/p>\n<p><\/p>\n<p><\/p>\t\t\t\t\t\t\t\t<\/div>\n\t\t\t\t<\/div>\n\t\t\t\t\t<\/div>\n\t\t\t\t<\/div>\n\t\t\t\t<\/div>","protected":false},"excerpt":{"rendered":"<p>Cadeaux d&#8217;Entreprise Contactez-nous \u00e0 tom@domaine-heritage.com pour obtenir des devis sur des cadeaux d&#8217;entreprise personnalis\u00e9s, allant des bouteilles individuelles et des coffrets cadeaux aux tirages d&#8217;\u00e9tiquettes personnalis\u00e9s. Offrez plus qu\u2019un cadeau, des coffrets de cidres premium, pens\u00e9s pour marquer les esprits et refl\u00e9ter vos valeurs. Une exp\u00e9rience sans compromis; Personnalisation (message, carte, identit\u00e9); Rabais de volume; [&hellip;]<\/p>\n","protected":false},"author":6,"featured_media":2531,"parent":0,"menu_order":0,"comment_status":"closed","ping_status":"closed","template":"","meta":{"footnotes":""},"class_list":["post-2677","page","type-page","status-publish","has-post-thumbnail","hentry"],"jetpack_sharing_enabled":true,"_links":{"self":[{"href":"https:\/\/www.domaine-heritage.com\/en\/wp-json\/wp\/v2\/pages\/2677","targetHints":{"allow":["GET"]}}],"collection":[{"href":"https:\/\/www.domaine-heritage.com\/en\/wp-json\/wp\/v2\/pages"}],"about":[{"href":"https:\/\/www.domaine-heritage.com\/en\/wp-json\/wp\/v2\/types\/page"}],"author":[{"embeddable":true,"href":"https:\/\/www.domaine-heritage.com\/en\/wp-json\/wp\/v2\/users\/6"}],"replies":[{"embeddable":true,"href":"https:\/\/www.domaine-heritage.com\/en\/wp-json\/wp\/v2\/comments?post=2677"}],"version-history":[{"count":14,"href":"https:\/\/www.domaine-heritage.com\/en\/wp-json\/wp\/v2\/pages\/2677\/revisions"}],"predecessor-version":[{"id":2747,"href":"https:\/\/www.domaine-heritage.com\/en\/wp-json\/wp\/v2\/pages\/2677\/revisions\/2747"}],"wp:featuredmedia":[{"embeddable":true,"href":"https:\/\/www.domaine-heritage.com\/en\/wp-json\/wp\/v2\/media\/2531"}],"wp:attachment":[{"href":"https:\/\/www.domaine-heritage.com\/en\/wp-json\/wp\/v2\/media?parent=2677"}],"curies":[{"name":"wp","href":"https:\/\/api.w.org\/{rel}","templated":true}]}}